{"id":589,"date":"2024-11-22T17:09:56","date_gmt":"2024-11-22T17:09:56","guid":{"rendered":"https:\/\/alboradahotel.com\/?page_id=589"},"modified":"2025-10-18T02:45:03","modified_gmt":"2025-10-18T02:45:03","slug":"celebra-la-fiesta-de-fin-de-ano-en-alborada-hotel-melgar","status":"publish","type":"page","link":"https:\/\/alboradahotel.com\/index.php\/hotel-en-melgar\/celebra-la-fiesta-de-fin-de-ano-en-alborada-hotel-melgar\/","title":{"rendered":"Fiesta de Fin de A\u00f1o en Alborada Hotel Melgar"},"content":{"rendered":"\t\t<div data-elementor-type=\"wp-page\" data-elementor-id=\"589\" class=\"elementor elementor-589\">\n\t\t\t\t\t\t\t<div class=\"elementor-element elementor-element-c154280 e-flex e-con-boxed e-con e-parent\" data-id=\"c154280\" data-element_type=\"container\" data-settings=\"{&quot;background_background&quot;:&quot;slideshow&quot;,&quot;background_slideshow_gallery&quot;:[{&quot;id&quot;:591,&quot;url&quot;:&quot;http:\\\/\\\/alboradahotel.com\\\/wp-content\\\/uploads\\\/2024\\\/11\\\/Full-159-scaled.jpg&quot;},{&quot;id&quot;:600,&quot;url&quot;:&quot;http:\\\/\\\/alboradahotel.com\\\/wp-content\\\/uploads\\\/2024\\\/11\\\/Full-8-scaled.jpg&quot;},{&quot;id&quot;:605,&quot;url&quot;:&quot;http:\\\/\\\/alboradahotel.com\\\/wp-content\\\/uploads\\\/2024\\\/11\\\/ALBORADA-HOTEL-MELGAR-FIESTA-FIN-DE-ANO.jpg&quot;},{&quot;id&quot;:613,&quot;url&quot;:&quot;http:\\\/\\\/alboradahotel.com\\\/wp-content\\\/uploads\\\/2024\\\/11\\\/ANO-NUEVO-FIESTA-EN-MELGAR-ALBORADA-HOTEL.jpg&quot;},{&quot;id&quot;:614,&quot;url&quot;:&quot;http:\\\/\\\/alboradahotel.com\\\/wp-content\\\/uploads\\\/2024\\\/11\\\/ANO-NUEVO-EN-MELGAR-2.jpg&quot;},{&quot;id&quot;:615,&quot;url&quot;:&quot;http:\\\/\\\/alboradahotel.com\\\/wp-content\\\/uploads\\\/2024\\\/11\\\/Full-21-1.jpg&quot;},{&quot;id&quot;:616,&quot;url&quot;:&quot;http:\\\/\\\/alboradahotel.com\\\/wp-content\\\/uploads\\\/2024\\\/11\\\/Full-37-1.jpg&quot;},{&quot;id&quot;:617,&quot;url&quot;:&quot;http:\\\/\\\/alboradahotel.com\\\/wp-content\\\/uploads\\\/2024\\\/11\\\/Full-130-1.jpg&quot;},{&quot;id&quot;:622,&quot;url&quot;:&quot;http:\\\/\\\/alboradahotel.com\\\/wp-content\\\/uploads\\\/2024\\\/11\\\/Full-43.jpg&quot;},{&quot;id&quot;:623,&quot;url&quot;:&quot;http:\\\/\\\/alboradahotel.com\\\/wp-content\\\/uploads\\\/2024\\\/11\\\/Full-47.jpg&quot;},{&quot;id&quot;:624,&quot;url&quot;:&quot;http:\\\/\\\/alboradahotel.com\\\/wp-content\\\/uploads\\\/2024\\\/11\\\/Full-130-2.jpg&quot;},{&quot;id&quot;:625,&quot;url&quot;:&quot;http:\\\/\\\/alboradahotel.com\\\/wp-content\\\/uploads\\\/2024\\\/11\\\/Full-148.jpg&quot;}],&quot;background_slideshow_slide_duration&quot;:1000,&quot;content_width&quot;:&quot;boxed&quot;,&quot;background_slideshow_loop&quot;:&quot;yes&quot;,&quot;background_slideshow_slide_transition&quot;:&quot;fade&quot;,&quot;background_slideshow_transition_duration&quot;:500}\" data-core-v316-plus=\"true\">\n\t\t\t\t\t<div class=\"e-con-inner\">\n\t\t\t\t<div class=\"elementor-element elementor-element-1dc2b4a elementor-widget elementor-widget-spacer\" data-id=\"1dc2b4a\" data-element_type=\"widget\" data-widget_type=\"spacer.default\">\n\t\t\t\t<div class=\"elementor-widget-container\">\n\t\t\t<style>\/*! elementor - v3.16.0 - 13-09-2023 *\/\n.elementor-column .elementor-spacer-inner{height:var(--spacer-size)}.e-con{--container-widget-width:100%}.e-con-inner>.elementor-widget-spacer,.e-con>.elementor-widget-spacer{width:var(--container-widget-width,var(--spacer-size));--align-self:var(--container-widget-align-self,initial);--flex-shrink:0}.e-con-inner>.elementor-widget-spacer>.elementor-widget-container,.e-con>.elementor-widget-spacer>.elementor-widget-container{height:100%;width:100%}.e-con-inner>.elementor-widget-spacer>.elementor-widget-container>.elementor-spacer,.e-con>.elementor-widget-spacer>.elementor-widget-container>.elementor-spacer{height:100%}.e-con-inner>.elementor-widget-spacer>.elementor-widget-container>.elementor-spacer>.elementor-spacer-inner,.e-con>.elementor-widget-spacer>.elementor-widget-container>.elementor-spacer>.elementor-spacer-inner{height:var(--container-widget-height,var(--spacer-size))}.e-con-inner>.elementor-widget-spacer.elementor-widget-empty,.e-con>.elementor-widget-spacer.elementor-widget-empty{position:relative;min-height:22px;min-width:22px}.e-con-inner>.elementor-widget-spacer.elementor-widget-empty .elementor-widget-empty-icon,.e-con>.elementor-widget-spacer.elementor-widget-empty .elementor-widget-empty-icon{position:absolute;top:0;bottom:0;left:0;right:0;margin:auto;padding:0;width:22px;height:22px}<\/style>\t\t<div class=\"elementor-spacer\">\n\t\t\t<div class=\"elementor-spacer-inner\"><\/div>\n\t\t<\/div>\n\t\t\t\t<\/div>\n\t\t\t\t<\/div>\n\t\t\t\t\t<\/div>\n\t\t\t\t<\/div>\n\t\t<div class=\"elementor-element elementor-element-4301651 e-flex e-con-boxed e-con e-parent\" data-id=\"4301651\" data-element_type=\"container\" data-settings=\"{&quot;content_width&quot;:&quot;boxed&quot;}\" data-core-v316-plus=\"true\">\n\t\t\t\t\t<div class=\"e-con-inner\">\n\t\t\t\t<div class=\"elementor-element elementor-element-3287f2d elementor-widget elementor-widget-spacer\" data-id=\"3287f2d\" data-element_type=\"widget\" data-widget_type=\"spacer.default\">\n\t\t\t\t<div class=\"elementor-widget-container\">\n\t\t\t\t\t<div class=\"elementor-spacer\">\n\t\t\t<div class=\"elementor-spacer-inner\"><\/div>\n\t\t<\/div>\n\t\t\t\t<\/div>\n\t\t\t\t<\/div>\n\t\t\t\t<div class=\"elementor-element elementor-element-5f8bdf1 elementor-widget elementor-widget-heading\" data-id=\"5f8bdf1\" data-element_type=\"widget\" data-widget_type=\"heading.default\">\n\t\t\t\t<div class=\"elementor-widget-container\">\n\t\t\t<style>\/*! elementor - v3.16.0 - 13-09-2023 *\/\n.elementor-heading-title{padding:0;margin:0;line-height:1}.elementor-widget-heading .elementor-heading-title[class*=elementor-size-]>a{color:inherit;font-size:inherit;line-height:inherit}.elementor-widget-heading .elementor-heading-title.elementor-size-small{font-size:15px}.elementor-widget-heading .elementor-heading-title.elementor-size-medium{font-size:19px}.elementor-widget-heading .elementor-heading-title.elementor-size-large{font-size:29px}.elementor-widget-heading .elementor-heading-title.elementor-size-xl{font-size:39px}.elementor-widget-heading .elementor-heading-title.elementor-size-xxl{font-size:59px}<\/style><h1 class=\"elementor-heading-title elementor-size-large\">\u00a1Despidamos el 2025 a lo grande en el Hotel Alborada de Melgar! <\/h1>\t\t<\/div>\n\t\t\t\t<\/div>\n\t\t\t\t\t<\/div>\n\t\t\t\t<\/div>\n\t\t<div class=\"elementor-element elementor-element-2949d9e e-flex e-con-boxed e-con e-parent\" data-id=\"2949d9e\" data-element_type=\"container\" data-settings=\"{&quot;content_width&quot;:&quot;boxed&quot;}\" data-core-v316-plus=\"true\">\n\t\t\t\t\t<div class=\"e-con-inner\">\n\t\t<div class=\"elementor-element elementor-element-38d64ad e-con-full e-flex e-con e-child\" data-id=\"38d64ad\" data-element_type=\"container\" data-settings=\"{&quot;content_width&quot;:&quot;full&quot;}\">\n\t\t\t\t<\/div>\n\t\t<div class=\"elementor-element elementor-element-d342318 e-con-full e-flex e-con e-child\" data-id=\"d342318\" data-element_type=\"container\" data-settings=\"{&quot;content_width&quot;:&quot;full&quot;}\">\n\t\t\t\t<div class=\"elementor-element elementor-element-018321b elementor-widget elementor-widget-text-editor\" data-id=\"018321b\" data-element_type=\"widget\" data-widget_type=\"text-editor.default\">\n\t\t\t\t<div class=\"elementor-widget-container\">\n\t\t\t<style>\/*! elementor - v3.16.0 - 13-09-2023 *\/\n.elementor-widget-text-editor.elementor-drop-cap-view-stacked .elementor-drop-cap{background-color:#69727d;color:#fff}.elementor-widget-text-editor.elementor-drop-cap-view-framed .elementor-drop-cap{color:#69727d;border:3px solid;background-color:transparent}.elementor-widget-text-editor:not(.elementor-drop-cap-view-default) .elementor-drop-cap{margin-top:8px}.elementor-widget-text-editor:not(.elementor-drop-cap-view-default) .elementor-drop-cap-letter{width:1em;height:1em}.elementor-widget-text-editor .elementor-drop-cap{float:left;text-align:center;line-height:1;font-size:50px}.elementor-widget-text-editor .elementor-drop-cap-letter{display:inline-block}<\/style>\t\t\t\t\t\t\t\t\t\t<\/div>\n\t\t\t\t<\/div>\n\t\t\t\t<div class=\"elementor-element elementor-element-e665e09 elementor-widget elementor-widget-text-editor\" data-id=\"e665e09\" data-element_type=\"widget\" data-widget_type=\"text-editor.default\">\n\t\t\t\t<div class=\"elementor-widget-container\">\n\t\t\t\t\t\t\t<p><!-- wp:heading {\"level\":2} --><\/p>\n<p><strong><span style=\"font-size: 15px; text-align: var(--text-align); color: #4a4a4a;\">Este 31 de diciembre de 2025, el<\/span><span style=\"font-size: 15px; text-align: var(--text-align); color: #4a4a4a;\"> Alborada Hotel en Melgar<\/span><span style=\"font-size: 15px; text-align: var(--text-align); color: #4a4a4a;\"> te invita a celebrar la llegada del nuevo a\u00f1o con una experiencia m\u00e1gica. Disfruta de una <\/span><span style=\"font-size: 15px; text-align: var(--text-align); color: #4a4a4a;\">orquesta en vivo <\/span><span style=\"font-size: 15px; text-align: var(--text-align); color: #4a4a4a;\">que tocar\u00e1 desde las 8 PM hasta las 2 AM, creando la atm\u00f3sfera perfecta para bailar y disfrutar con amigos y familiares.<\/span><\/strong><\/p>\n<p><!-- \/wp:paragraph --><\/p>\n<p><!-- wp:heading {\"level\":2} --><\/p>\n<h2>Cena de San Silvestre y Detalles Especiales<\/h2>\n<p><!-- \/wp:heading --><\/p>\n<p><!-- wp:paragraph --><\/p>\n<p>Durante la celebraci\u00f3n, deleitar\u00e1s tu paladar con una exquisita cena de San Silvestre. Este fest\u00edn navide\u00f1o est\u00e1 dise\u00f1ado para ofrecerte una experiencia culinaria \u00fanica que complementar\u00e1 perfecto la noche.\u00a0<\/p>\n<p><!-- \/wp:paragraph --><\/p>\n<p><!-- wp:heading {\"level\":2} --><\/p>\n<h2>\u00a1No Te Olvides del Kit de A\u00f1o Viejo!<\/h2>\n<p><!-- \/wp:heading --><\/p>\n<p><!-- wp:paragraph --><\/p>\n<p>Para hacer de esta celebraci\u00f3n a\u00fan m\u00e1s especial, recibir\u00e1s un kit de a\u00f1o viejo, ideal para recordar las tradiciones que acompa\u00f1an la despedida del a\u00f1o. No pierdas la oportunidad de participar en esta maravillosa fiesta en el Alborada Hotel, donde la diversi\u00f3n y la alegr\u00eda no tendr\u00e1n fin. Reserva tu lugar hoy mismo y prep\u00e1rate para un inicio de a\u00f1o espectacular.<\/p>\n<p><!-- \/wp:paragraph --><\/p>\t\t\t\t\t\t<\/div>\n\t\t\t\t<\/div>\n\t\t\t\t<\/div>\n\t\t<div class=\"elementor-element elementor-element-c9d97c4 e-con-full e-flex e-con e-child\" data-id=\"c9d97c4\" data-element_type=\"container\" data-settings=\"{&quot;content_width&quot;:&quot;full&quot;}\">\n\t\t\t\t<\/div>\n\t\t\t\t\t<\/div>\n\t\t\t\t<\/div>\n\t\t<div class=\"elementor-element elementor-element-f4b82b1 e-flex e-con-boxed e-con e-parent\" data-id=\"f4b82b1\" data-element_type=\"container\" data-settings=\"{&quot;content_width&quot;:&quot;boxed&quot;}\" data-core-v316-plus=\"true\">\n\t\t\t\t\t<div class=\"e-con-inner\">\n\t\t\t\t<div class=\"elementor-element elementor-element-64ee583 elementor-widget elementor-widget-video\" data-id=\"64ee583\" data-element_type=\"widget\" data-settings=\"{&quot;video_type&quot;:&quot;hosted&quot;,&quot;controls&quot;:&quot;yes&quot;}\" data-widget_type=\"video.default\">\n\t\t\t\t<div class=\"elementor-widget-container\">\n\t\t\t<style>\/*! elementor - v3.16.0 - 13-09-2023 *\/\n.elementor-widget-video .elementor-widget-container{overflow:hidden;transform:translateZ(0)}.elementor-widget-video .elementor-wrapper{aspect-ratio:var(--video-aspect-ratio)}.elementor-widget-video .elementor-wrapper iframe,.elementor-widget-video .elementor-wrapper video{height:100%;width:100%;display:flex;border:none;background-color:#000}@supports not (aspect-ratio:1\/1){.elementor-widget-video .elementor-wrapper{position:relative;overflow:hidden;height:0;padding-bottom:calc(100% \/ var(--video-aspect-ratio))}.elementor-widget-video .elementor-wrapper iframe,.elementor-widget-video .elementor-wrapper video{position:absolute;top:0;right:0;bottom:0;left:0}}.elementor-widget-video .elementor-open-inline .elementor-custom-embed-image-overlay{position:absolute;top:0;right:0;bottom:0;left:0;background-size:cover;background-position:50%}.elementor-widget-video .elementor-custom-embed-image-overlay{cursor:pointer;text-align:center}.elementor-widget-video .elementor-custom-embed-image-overlay:hover .elementor-custom-embed-play i{opacity:1}.elementor-widget-video .elementor-custom-embed-image-overlay img{display:block;width:100%;aspect-ratio:var(--video-aspect-ratio);-o-object-fit:cover;object-fit:cover;-o-object-position:center center;object-position:center center}@supports not (aspect-ratio:1\/1){.elementor-widget-video .elementor-custom-embed-image-overlay{position:relative;overflow:hidden;height:0;padding-bottom:calc(100% \/ var(--video-aspect-ratio))}.elementor-widget-video .elementor-custom-embed-image-overlay img{position:absolute;top:0;right:0;bottom:0;left:0}}.elementor-widget-video .e-hosted-video .elementor-video{-o-object-fit:cover;object-fit:cover}.e-con-inner>.elementor-widget-video,.e-con>.elementor-widget-video{width:var(--container-widget-width);--flex-grow:var(--container-widget-flex-grow)}<\/style>\t\t<div class=\"e-hosted-video elementor-wrapper elementor-open-inline\">\n\t\t\t\t\t<video class=\"elementor-video\" src=\"http:\/\/alboradahotel.com\/wp-content\/uploads\/2024\/11\/VIDEO-.MP4.mp4\" controls=\"\" preload=\"metadata\" controlsList=\"nodownload\"><\/video>\n\t\t\t\t<\/div>\n\t\t\t\t<\/div>\n\t\t\t\t<\/div>\n\t\t\t\t\t<\/div>\n\t\t\t\t<\/div>\n\t\t\t\t\t\t\t<\/div>\n\t\t","protected":false},"excerpt":{"rendered":"<p>\u00a1Despidamos el 2025 a lo grande en el Hotel Alborada de Melgar! Este 31 de diciembre de 2025, el Alborada Hotel en Melgar te invita a celebrar la llegada del nuevo a\u00f1o con una experiencia m\u00e1gica. Disfruta de una orquesta en vivo que tocar\u00e1 desde las 8 PM hasta las 2 AM, creando la atm\u00f3sfera [&hellip;]<\/p>\n","protected":false},"author":1,"featured_media":591,"parent":2,"menu_order":0,"comment_status":"closed","ping_status":"closed","template":"elementor_header_footer","meta":{"_monsterinsights_skip_tracking":false,"_monsterinsights_sitenote_active":false,"_monsterinsights_sitenote_note":"","_monsterinsights_sitenote_category":0,"footnotes":""},"yoast_head":"<!-- This site is optimized with the Yoast SEO plugin v21.1 - https:\/\/yoast.com\/wordpress\/plugins\/seo\/ -->\n<title>Celebra la Fiesta de Fin de A\u00f1o en Alborada Hotel, Melgar<\/title>\n<meta name=\"description\" content=\"\u00danete a la celebraci\u00f3n de Fin de A\u00f1o en Alborada Hotel, Melgar, el 31 de diciembre de 2024. Disfruta de una noche m\u00e1gica con orquesta en vivo, una exquisita cena de San Silvestre, y un exclusivo kit de a\u00f1o viejo. Reserva tu lugar y brinda con nosotros por un inicio de a\u00f1o espectacular. \u00a1No te lo pierdas!\" \/>\n<meta name=\"robots\" content=\"index, follow, max-snippet:-1, max-image-preview:large, max-video-preview:-1\" \/>\n<link rel=\"canonical\" href=\"https:\/\/alboradahotel.com\/index.php\/hotel-en-melgar\/celebra-la-fiesta-de-fin-de-ano-en-alborada-hotel-melgar\/\" \/>\n<meta property=\"og:locale\" content=\"es_ES\" \/>\n<meta property=\"og:type\" content=\"article\" \/>\n<meta property=\"og:title\" content=\"Celebra la Fiesta de Fin de A\u00f1o en Alborada Hotel, Melgar\" \/>\n<meta property=\"og:description\" content=\"\u00danete a la celebraci\u00f3n de Fin de A\u00f1o en Alborada Hotel, Melgar, el 31 de diciembre de 2024. Disfruta de una noche m\u00e1gica con orquesta en vivo, una exquisita cena de San Silvestre, y un exclusivo kit de a\u00f1o viejo. Reserva tu lugar y brinda con nosotros por un inicio de a\u00f1o espectacular. \u00a1No te lo pierdas!\" \/>\n<meta property=\"og:url\" content=\"https:\/\/alboradahotel.com\/index.php\/hotel-en-melgar\/celebra-la-fiesta-de-fin-de-ano-en-alborada-hotel-melgar\/\" \/>\n<meta property=\"og:site_name\" content=\"ALBORADA HOTEL EN MELGAR\" \/>\n<meta property=\"article:publisher\" content=\"https:\/\/www.facebook.com\/alboradahotelmelgar\" \/>\n<meta property=\"article:modified_time\" content=\"2025-10-18T02:45:03+00:00\" \/>\n<meta property=\"og:image\" content=\"http:\/\/alboradahotel.com\/wp-content\/uploads\/2024\/11\/Full-159-scaled.jpg\" \/>\n\t<meta property=\"og:image:width\" content=\"2560\" \/>\n\t<meta property=\"og:image:height\" content=\"1707\" \/>\n\t<meta property=\"og:image:type\" content=\"image\/jpeg\" \/>\n<meta name=\"twitter:card\" content=\"summary_large_image\" \/>\n<meta name=\"twitter:label1\" content=\"Tiempo estimado de lectura\" \/>\n\t<meta name=\"twitter:data1\" content=\"1 minuto\" \/>\n<script type=\"application\/ld+json\" class=\"yoast-schema-graph\">{\"@context\":\"https:\/\/schema.org\",\"@graph\":[{\"@type\":\"WebPage\",\"@id\":\"https:\/\/alboradahotel.com\/index.php\/hotel-en-melgar\/celebra-la-fiesta-de-fin-de-ano-en-alborada-hotel-melgar\/\",\"url\":\"https:\/\/alboradahotel.com\/index.php\/hotel-en-melgar\/celebra-la-fiesta-de-fin-de-ano-en-alborada-hotel-melgar\/\",\"name\":\"Celebra la Fiesta de Fin de A\u00f1o en Alborada Hotel, Melgar\",\"isPartOf\":{\"@id\":\"https:\/\/alboradahotel.com\/#website\"},\"datePublished\":\"2024-11-22T17:09:56+00:00\",\"dateModified\":\"2025-10-18T02:45:03+00:00\",\"description\":\"\u00danete a la celebraci\u00f3n de Fin de A\u00f1o en Alborada Hotel, Melgar, el 31 de diciembre de 2024. Disfruta de una noche m\u00e1gica con orquesta en vivo, una exquisita cena de San Silvestre, y un exclusivo kit de a\u00f1o viejo. Reserva tu lugar y brinda con nosotros por un inicio de a\u00f1o espectacular. \u00a1No te lo pierdas!\",\"breadcrumb\":{\"@id\":\"https:\/\/alboradahotel.com\/index.php\/hotel-en-melgar\/celebra-la-fiesta-de-fin-de-ano-en-alborada-hotel-melgar\/#breadcrumb\"},\"inLanguage\":\"es-CO\",\"potentialAction\":[{\"@type\":\"ReadAction\",\"target\":[\"https:\/\/alboradahotel.com\/index.php\/hotel-en-melgar\/celebra-la-fiesta-de-fin-de-ano-en-alborada-hotel-melgar\/\"]}]},{\"@type\":\"BreadcrumbList\",\"@id\":\"https:\/\/alboradahotel.com\/index.php\/hotel-en-melgar\/celebra-la-fiesta-de-fin-de-ano-en-alborada-hotel-melgar\/#breadcrumb\",\"itemListElement\":[{\"@type\":\"ListItem\",\"position\":1,\"name\":\"Inicio\",\"item\":\"https:\/\/alboradahotel.com\/\"},{\"@type\":\"ListItem\",\"position\":2,\"name\":\"Home\",\"item\":\"https:\/\/alboradahotel.com\/\"},{\"@type\":\"ListItem\",\"position\":3,\"name\":\"Fiesta de Fin de A\u00f1o en Alborada Hotel Melgar\"}]},{\"@type\":\"WebSite\",\"@id\":\"https:\/\/alboradahotel.com\/#website\",\"url\":\"https:\/\/alboradahotel.com\/\",\"name\":\"ALBORADA HOTEL EN MELGAR\",\"description\":\"\",\"publisher\":{\"@id\":\"https:\/\/alboradahotel.com\/#organization\"},\"potentialAction\":[{\"@type\":\"SearchAction\",\"target\":{\"@type\":\"EntryPoint\",\"urlTemplate\":\"https:\/\/alboradahotel.com\/?s={search_term_string}\"},\"query-input\":\"required name=search_term_string\"}],\"inLanguage\":\"es-CO\"},{\"@type\":\"Organization\",\"@id\":\"https:\/\/alboradahotel.com\/#organization\",\"name\":\"ALBORADA HOTEL EN MELGAR\",\"url\":\"https:\/\/alboradahotel.com\/\",\"logo\":{\"@type\":\"ImageObject\",\"inLanguage\":\"es-CO\",\"@id\":\"https:\/\/alboradahotel.com\/#\/schema\/logo\/image\/\",\"url\":\"https:\/\/alboradahotel.com\/wp-content\/uploads\/2023\/09\/Alborada-Original-en-MELGAR-hoteles-en-melgar.png\",\"contentUrl\":\"https:\/\/alboradahotel.com\/wp-content\/uploads\/2023\/09\/Alborada-Original-en-MELGAR-hoteles-en-melgar.png\",\"width\":512,\"height\":235,\"caption\":\"ALBORADA HOTEL EN MELGAR\"},\"image\":{\"@id\":\"https:\/\/alboradahotel.com\/#\/schema\/logo\/image\/\"},\"sameAs\":[\"https:\/\/www.facebook.com\/alboradahotelmelgar\",\"https:\/\/www.instagram.com\/alborada_hotel_melgar\",\"https:\/\/www.tiktok.com\/alboradahotelmelgar\"]}]}<\/script>\n<!-- \/ Yoast SEO plugin. -->","yoast_head_json":{"title":"Celebra la Fiesta de Fin de A\u00f1o en Alborada Hotel, Melgar","description":"\u00danete a la celebraci\u00f3n de Fin de A\u00f1o en Alborada Hotel, Melgar, el 31 de diciembre de 2024. Disfruta de una noche m\u00e1gica con orquesta en vivo, una exquisita cena de San Silvestre, y un exclusivo kit de a\u00f1o viejo. Reserva tu lugar y brinda con nosotros por un inicio de a\u00f1o espectacular. \u00a1No te lo pierdas!","robots":{"index":"index","follow":"follow","max-snippet":"max-snippet:-1","max-image-preview":"max-image-preview:large","max-video-preview":"max-video-preview:-1"},"canonical":"https:\/\/alboradahotel.com\/index.php\/hotel-en-melgar\/celebra-la-fiesta-de-fin-de-ano-en-alborada-hotel-melgar\/","og_locale":"es_ES","og_type":"article","og_title":"Celebra la Fiesta de Fin de A\u00f1o en Alborada Hotel, Melgar","og_description":"\u00danete a la celebraci\u00f3n de Fin de A\u00f1o en Alborada Hotel, Melgar, el 31 de diciembre de 2024. Disfruta de una noche m\u00e1gica con orquesta en vivo, una exquisita cena de San Silvestre, y un exclusivo kit de a\u00f1o viejo. Reserva tu lugar y brinda con nosotros por un inicio de a\u00f1o espectacular. \u00a1No te lo pierdas!","og_url":"https:\/\/alboradahotel.com\/index.php\/hotel-en-melgar\/celebra-la-fiesta-de-fin-de-ano-en-alborada-hotel-melgar\/","og_site_name":"ALBORADA HOTEL EN MELGAR","article_publisher":"https:\/\/www.facebook.com\/alboradahotelmelgar","article_modified_time":"2025-10-18T02:45:03+00:00","og_image":[{"width":2560,"height":1707,"url":"http:\/\/alboradahotel.com\/wp-content\/uploads\/2024\/11\/Full-159-scaled.jpg","type":"image\/jpeg"}],"twitter_card":"summary_large_image","twitter_misc":{"Tiempo estimado de lectura":"1 minuto"},"schema":{"@context":"https:\/\/schema.org","@graph":[{"@type":"WebPage","@id":"https:\/\/alboradahotel.com\/index.php\/hotel-en-melgar\/celebra-la-fiesta-de-fin-de-ano-en-alborada-hotel-melgar\/","url":"https:\/\/alboradahotel.com\/index.php\/hotel-en-melgar\/celebra-la-fiesta-de-fin-de-ano-en-alborada-hotel-melgar\/","name":"Celebra la Fiesta de Fin de A\u00f1o en Alborada Hotel, Melgar","isPartOf":{"@id":"https:\/\/alboradahotel.com\/#website"},"datePublished":"2024-11-22T17:09:56+00:00","dateModified":"2025-10-18T02:45:03+00:00","description":"\u00danete a la celebraci\u00f3n de Fin de A\u00f1o en Alborada Hotel, Melgar, el 31 de diciembre de 2024. Disfruta de una noche m\u00e1gica con orquesta en vivo, una exquisita cena de San Silvestre, y un exclusivo kit de a\u00f1o viejo. Reserva tu lugar y brinda con nosotros por un inicio de a\u00f1o espectacular. \u00a1No te lo pierdas!","breadcrumb":{"@id":"https:\/\/alboradahotel.com\/index.php\/hotel-en-melgar\/celebra-la-fiesta-de-fin-de-ano-en-alborada-hotel-melgar\/#breadcrumb"},"inLanguage":"es-CO","potentialAction":[{"@type":"ReadAction","target":["https:\/\/alboradahotel.com\/index.php\/hotel-en-melgar\/celebra-la-fiesta-de-fin-de-ano-en-alborada-hotel-melgar\/"]}]},{"@type":"BreadcrumbList","@id":"https:\/\/alboradahotel.com\/index.php\/hotel-en-melgar\/celebra-la-fiesta-de-fin-de-ano-en-alborada-hotel-melgar\/#breadcrumb","itemListElement":[{"@type":"ListItem","position":1,"name":"Inicio","item":"https:\/\/alboradahotel.com\/"},{"@type":"ListItem","position":2,"name":"Home","item":"https:\/\/alboradahotel.com\/"},{"@type":"ListItem","position":3,"name":"Fiesta de Fin de A\u00f1o en Alborada Hotel Melgar"}]},{"@type":"WebSite","@id":"https:\/\/alboradahotel.com\/#website","url":"https:\/\/alboradahotel.com\/","name":"ALBORADA HOTEL EN MELGAR","description":"","publisher":{"@id":"https:\/\/alboradahotel.com\/#organization"},"potentialAction":[{"@type":"SearchAction","target":{"@type":"EntryPoint","urlTemplate":"https:\/\/alboradahotel.com\/?s={search_term_string}"},"query-input":"required name=search_term_string"}],"inLanguage":"es-CO"},{"@type":"Organization","@id":"https:\/\/alboradahotel.com\/#organization","name":"ALBORADA HOTEL EN MELGAR","url":"https:\/\/alboradahotel.com\/","logo":{"@type":"ImageObject","inLanguage":"es-CO","@id":"https:\/\/alboradahotel.com\/#\/schema\/logo\/image\/","url":"https:\/\/alboradahotel.com\/wp-content\/uploads\/2023\/09\/Alborada-Original-en-MELGAR-hoteles-en-melgar.png","contentUrl":"https:\/\/alboradahotel.com\/wp-content\/uploads\/2023\/09\/Alborada-Original-en-MELGAR-hoteles-en-melgar.png","width":512,"height":235,"caption":"ALBORADA HOTEL EN MELGAR"},"image":{"@id":"https:\/\/alboradahotel.com\/#\/schema\/logo\/image\/"},"sameAs":["https:\/\/www.facebook.com\/alboradahotelmelgar","https:\/\/www.instagram.com\/alborada_hotel_melgar","https:\/\/www.tiktok.com\/alboradahotelmelgar"]}]}},"_links":{"self":[{"href":"https:\/\/alboradahotel.com\/index.php\/wp-json\/wp\/v2\/pages\/589"}],"collection":[{"href":"https:\/\/alboradahotel.com\/index.php\/wp-json\/wp\/v2\/pages"}],"about":[{"href":"https:\/\/alboradahotel.com\/index.php\/wp-json\/wp\/v2\/types\/page"}],"author":[{"embeddable":true,"href":"https:\/\/alboradahotel.com\/index.php\/wp-json\/wp\/v2\/users\/1"}],"replies":[{"embeddable":true,"href":"https:\/\/alboradahotel.com\/index.php\/wp-json\/wp\/v2\/comments?post=589"}],"version-history":[{"count":46,"href":"https:\/\/alboradahotel.com\/index.php\/wp-json\/wp\/v2\/pages\/589\/revisions"}],"predecessor-version":[{"id":680,"href":"https:\/\/alboradahotel.com\/index.php\/wp-json\/wp\/v2\/pages\/589\/revisions\/680"}],"up":[{"embeddable":true,"href":"https:\/\/alboradahotel.com\/index.php\/wp-json\/wp\/v2\/pages\/2"}],"wp:featuredmedia":[{"embeddable":true,"href":"https:\/\/alboradahotel.com\/index.php\/wp-json\/wp\/v2\/media\/591"}],"wp:attachment":[{"href":"https:\/\/alboradahotel.com\/index.php\/wp-json\/wp\/v2\/media?parent=589"}],"curies":[{"name":"wp","href":"https:\/\/api.w.org\/{rel}","templated":true}]}}